{"id":19,"date":"2026-03-09T02:22:38","date_gmt":"2026-03-09T02:22:38","guid":{"rendered":"https:\/\/florentmoll.fr\/?page_id=19"},"modified":"2026-03-29T01:34:29","modified_gmt":"2026-03-29T01:34:29","slug":"19-2","status":"publish","type":"page","link":"https:\/\/florentmoll.fr\/","title":{"rendered":"Home"},"content":{"rendered":"\n<div class=\"wp-block-cover alignfull is-light has-custom-content-position is-position-bottom-center wp-duotone-unset-1\" style=\"margin-top:0;margin-bottom:0;padding-top:var(--wp--preset--spacing--50);padding-right:var(--wp--preset--spacing--50);padding-bottom:var(--wp--preset--spacing--50);padding-left:var(--wp--preset--spacing--50);min-height:663px;aspect-ratio:unset;\"><video class=\"wp-block-cover__video-background intrinsic-ignore\" autoplay muted loop playsinline src=\"http:\/\/florentmoll.fr\/wp-content\/uploads\/2026\/03\/45seconde.mp4\" style=\"object-position:50% 50%\" data-object-fit=\"cover\" data-object-position=\"50% 50%\"><\/video><span aria-hidden=\"true\" class=\"wp-block-cover__background has-contrast-background-color has-background-dim\"><\/span><div class=\"wp-block-cover__inner-container has-global-padding is-layout-constrained wp-container-core-cover-is-layout-d89aad35 wp-block-cover-is-layout-constrained\">\n<div class=\"wp-block-group alignwide has-global-padding is-content-justification-left is-layout-constrained wp-container-core-group-is-layout-12dd3699 wp-block-group-is-layout-constrained\">\n<h2 class=\"wp-block-heading has-text-align-left has-base-color has-text-color has-link-color has-xx-large-font-size wp-elements-f4e02887da4fb5ffe4b41cf566cce230\"><strong>Florent Moll<\/strong><\/h2>\n\n\n\n<p class=\"has-base-color has-text-color has-link-color wp-elements-7baca5cdc339400537fcae845cc19e05\">Level Designer &#8211; Animateur 3D &#8211; Infographiste 2D\/3D<\/p>\n\n\n\n<div class=\"wp-block-buttons is-layout-flex wp-block-buttons-is-layout-flex\">\n<div class=\"wp-block-button\"><a class=\"wp-block-button__link wp-element-button\" href=\"mailto:moll.florent@gmail.com\" style=\"box-shadow:var(--wp--preset--shadow--natural)\">Me contacter<\/a><\/div>\n\n\n\n<div class=\"wp-block-button\"><a class=\"wp-block-button__link wp-element-button\" href=\"https:\/\/www.linkedin.com\/in\/florent-moll\/\" style=\"box-shadow:var(--wp--preset--shadow--natural)\" target=\"_blank\" rel=\"noreferrer noopener nofollow\">LinkedIn<\/a><\/div>\n\n\n\n<div class=\"wp-block-button\"><a class=\"wp-block-button__link wp-element-button\" href=\"https:\/\/florentmoll.fr\/wp-content\/uploads\/2026\/03\/CV_2026_Florent_Moll_V2.pdf\" style=\"box-shadow:var(--wp--preset--shadow--natural)\" target=\"_blank\" rel=\"noreferrer noopener nofollow\">CV<\/a><\/div>\n<\/div>\n<\/div>\n<\/div><\/div>\n\n\n\n<div class=\"wp-block-group alignfull is-style-default has-accent-6-background-color has-background has-global-padding is-layout-constrained wp-block-group-is-layout-constrained wp-container-2 is-position-sticky\">\n<div class=\"wp-block-group alignfull has-contrast-background-color has-background is-content-justification-center is-nowrap is-layout-flex wp-container-core-group-is-layout-23441af8 wp-block-group-is-layout-flex\"><nav class=\"has-text-color has-base-color has-background has-contrast-background-color items-justified-center no-wrap alignfull wp-block-navigation is-horizontal is-content-justification-center is-nowrap is-layout-flex wp-container-core-navigation-is-layout-39a99eb1 wp-block-navigation-is-layout-flex\" aria-label=\"Navigation\"><ul class=\"wp-block-navigation__container has-text-color has-base-color has-background has-contrast-background-color items-justified-center no-wrap alignfull wp-block-navigation\"><li class=\" wp-block-navigation-item wp-block-navigation-link\"><a class=\"wp-block-navigation-item__content\"  href=\"https:\/\/florentmoll.fr\/\"><span class=\"wp-block-navigation-item__label\">Home<\/span><\/a><\/li><li class=\" wp-block-navigation-item wp-block-navigation-link\"><a class=\"wp-block-navigation-item__content\"  href=\"https:\/\/florentmoll.fr\/#contact\"><span class=\"wp-block-navigation-item__label\">contact<\/span><\/a><\/li><li class=\" wp-block-navigation-item wp-block-navigation-link\"><a class=\"wp-block-navigation-item__content\"  href=\"https:\/\/florentmoll.fr\/index.php\/videos\/\"><span class=\"wp-block-navigation-item__label\">Vid\u00e9os<\/span><\/a><\/li><\/ul><\/nav>\n\n\n<hr class=\"wp-block-separator has-alpha-channel-opacity is-style-default\"\/>\n\n\n\n<ul class=\"wp-block-social-links has-icon-color is-style-logos-only is-layout-flex wp-block-social-links-is-layout-flex\"><li style=\"color:#FFFFFF;\" class=\"wp-social-link wp-social-link-linkedin has-base-color wp-block-social-link\"><a rel=\"noopener nofollow\" target=\"_blank\" href=\"https:\/\/www.linkedin.com\/in\/florent-moll\/\" class=\"wp-block-social-link-anchor\"><svg width=\"24\" height=\"24\" viewBox=\"0 0 24 24\" version=\"1.1\" xmlns=\"http:\/\/www.w3.org\/2000\/svg\" aria-hidden=\"true\" focusable=\"false\"><path d=\"M19.7,3H4.3C3.582,3,3,3.582,3,4.3v15.4C3,20.418,3.582,21,4.3,21h15.4c0.718,0,1.3-0.582,1.3-1.3V4.3 C21,3.582,20.418,3,19.7,3z M8.339,18.338H5.667v-8.59h2.672V18.338z M7.004,8.574c-0.857,0-1.549-0.694-1.549-1.548 c0-0.855,0.691-1.548,1.549-1.548c0.854,0,1.547,0.694,1.547,1.548C8.551,7.881,7.858,8.574,7.004,8.574z M18.339,18.338h-2.669 v-4.177c0-0.996-0.017-2.278-1.387-2.278c-1.389,0-1.601,1.086-1.601,2.206v4.249h-2.667v-8.59h2.559v1.174h0.037 c0.356-0.675,1.227-1.387,2.526-1.387c2.703,0,3.203,1.779,3.203,4.092V18.338z\"><\/path><\/svg><span class=\"wp-block-social-link-label screen-reader-text\">LinkedIn<\/span><\/a><\/li>\n\n<li style=\"color:#FFFFFF;\" class=\"wp-social-link wp-social-link-mail has-base-color wp-block-social-link\"><a rel=\"noopener nofollow\" target=\"_blank\" href=\"mailto:moll.florent@gmail.com\" class=\"wp-block-social-link-anchor\"><svg width=\"24\" height=\"24\" viewBox=\"0 0 24 24\" version=\"1.1\" xmlns=\"http:\/\/www.w3.org\/2000\/svg\" aria-hidden=\"true\" focusable=\"false\"><path d=\"M19,5H5c-1.1,0-2,.9-2,2v10c0,1.1.9,2,2,2h14c1.1,0,2-.9,2-2V7c0-1.1-.9-2-2-2zm.5,12c0,.3-.2.5-.5.5H5c-.3,0-.5-.2-.5-.5V9.8l7.5,5.6,7.5-5.6V17zm0-9.1L12,13.6,4.5,7.9V7c0-.3.2-.5.5-.5h14c.3,0,.5.2.5.5v.9z\"><\/path><\/svg><span class=\"wp-block-social-link-label screen-reader-text\">E-mail<\/span><\/a><\/li><\/ul>\n<\/div>\n<\/div>\n\n\n\n<div class=\"wp-block-group alignfull is-style-section-5 has-global-padding is-layout-constrained wp-block-group-is-layout-constrained is-style-section-5--3\" style=\"margin-top:0;margin-bottom:0;padding-top:var(--wp--preset--spacing--50);padding-bottom:var(--wp--preset--spacing--50)\">\n<div class=\"wp-block-columns alignwide is-layout-flex wp-container-core-columns-is-layout-7ee84d44 wp-block-columns-is-layout-flex\">\n<div class=\"wp-block-column is-vertically-aligned-center is-layout-flow wp-block-column-is-layout-flow\" style=\"flex-basis:50%\">\n<h2 class=\"wp-block-heading\">\u00c0 propos de moi<\/h2>\n\n\n\n<p class=\"is-style-text-display has-large-font-size is-style-text-display--4\">J&rsquo;ai 23 ans, je suis dipl\u00f4m\u00e9 d&rsquo;un DESFA (Dipl\u00f4me d&rsquo;Etudes Sup\u00e9rieures du Film d&rsquo;Animation) obtenu \u00e0 l&rsquo;ESRA en Animation 3D aisni que d&rsquo;un BAC pro communication visuelle plurim\u00e9dia &#8211; Lyc\u00e9e Pasteur \u00e0 Nice<br>&#8211; BMA (Brevet des M\u00e9tiers de l&rsquo;Art) &#8211; Lyc\u00e9e Pasteur \u00e0 Nice<\/p>\n<\/div>\n\n\n\n<div class=\"wp-block-column is-vertically-aligned-center is-layout-flow wp-block-column-is-layout-flow\" style=\"flex-basis:50%\">\n<figure class=\"wp-block-image size-full\"><img loading=\"lazy\" decoding=\"async\" width=\"1172\" height=\"1560\" src=\"http:\/\/florentmoll.fr\/wp-content\/uploads\/2026\/03\/signal-2026-02-02-191618_002.jpeg\" alt=\"\" class=\"wp-image-44\" style=\"aspect-ratio:1;object-fit:cover\" srcset=\"https:\/\/florentmoll.fr\/wp-content\/uploads\/2026\/03\/signal-2026-02-02-191618_002.jpeg 1172w, https:\/\/florentmoll.fr\/wp-content\/uploads\/2026\/03\/signal-2026-02-02-191618_002-225x300.jpeg 225w, https:\/\/florentmoll.fr\/wp-content\/uploads\/2026\/03\/signal-2026-02-02-191618_002-769x1024.jpeg 769w, https:\/\/florentmoll.fr\/wp-content\/uploads\/2026\/03\/signal-2026-02-02-191618_002-768x1022.jpeg 768w, https:\/\/florentmoll.fr\/wp-content\/uploads\/2026\/03\/signal-2026-02-02-191618_002-1154x1536.jpeg 1154w\" sizes=\"auto, (max-width: 1172px) 100vw, 1172px\" \/><\/figure>\n<\/div>\n<\/div>\n<\/div>\n\n\n\n<div class=\"wp-block-group alignfull has-global-padding is-layout-constrained wp-block-group-is-layout-constrained\" style=\"margin-top:0;margin-bottom:0\">\n<div class=\"wp-block-group alignwide is-layout-flow wp-container-core-group-is-layout-d58a0413 wp-block-group-is-layout-flow\" style=\"padding-top:var(--wp--preset--spacing--50);padding-bottom:var(--wp--preset--spacing--50)\">\n<h2 class=\"wp-block-heading has-x-large-font-size\">Mon parcours<\/h2>\n\n\n\n<div class=\"wp-block-columns is-layout-flex wp-container-core-columns-is-layout-cbe57604 wp-block-columns-is-layout-flex\">\n<div class=\"wp-block-column is-layout-flow wp-block-column-is-layout-flow\">\n<div class=\"wp-block-group is-layout-flow wp-block-group-is-layout-flow\" style=\"border-top-color:var(--wp--preset--color--accent-6);border-top-width:1px;padding-top:var(--wp--preset--spacing--30);padding-bottom:var(--wp--preset--spacing--30)\">\n<h3 class=\"wp-block-heading\">Gamagora<\/h3>\n\n\n\n<p>This exquisite compilation showcases a diverse array of photographs that capture the essence of different eras and cultures, reflecting the unique styles and perspectives of each artist.<\/p>\n<\/div>\n\n\n\n<div class=\"wp-block-buttons is-layout-flex wp-block-buttons-is-layout-flex\">\n<div class=\"wp-block-button is-style-outline is-style-outline--5\"><a class=\"wp-block-button__link wp-element-button\">Level Design<\/a><\/div>\n<\/div>\n<\/div>\n\n\n\n<div class=\"wp-block-column is-layout-flow wp-block-column-is-layout-flow\">\n<div class=\"wp-block-group is-layout-flow wp-block-group-is-layout-flow\" style=\"border-top-color:var(--wp--preset--color--accent-6);border-top-width:1px;padding-top:var(--wp--preset--spacing--30);padding-bottom:var(--wp--preset--spacing--30)\">\n<h3 class=\"wp-block-heading\">ESRA<\/h3>\n\n\n\n<p>DESFA &#8211; (Dipl\u00f4me d&rsquo;Etudes Sup\u00e9rieures du Film d&rsquo;Animation)<\/p>\n<\/div>\n\n\n\n<div class=\"wp-block-buttons is-layout-flex wp-block-buttons-is-layout-flex\">\n<div class=\"wp-block-button is-style-outline is-style-outline--6\"><a class=\"wp-block-button__link wp-element-button\">Animation 3D<\/a><\/div>\n<\/div>\n<\/div>\n<\/div>\n\n\n\n<div class=\"wp-block-columns is-layout-flex wp-container-core-columns-is-layout-cbe57604 wp-block-columns-is-layout-flex\">\n<div class=\"wp-block-column is-layout-flow wp-block-column-is-layout-flow\">\n<div class=\"wp-block-group is-layout-flow wp-block-group-is-layout-flow\" style=\"border-top-color:var(--wp--preset--color--accent-6);border-top-width:1px;padding-top:var(--wp--preset--spacing--30);padding-bottom:var(--wp--preset--spacing--30)\">\n<h3 class=\"wp-block-heading\">Lyc\u00e9e Pasteur<\/h3>\n\n\n\n<p>This exquisite compilation showcases a diverse array of photographs that capture the essence of different eras and cultures, reflecting the unique styles and perspectives of each artist.<\/p>\n\n\n\n<div class=\"wp-block-buttons is-layout-flex wp-block-buttons-is-layout-flex\">\n<div class=\"wp-block-button is-style-outline is-style-outline--7\"><a class=\"wp-block-button__link wp-element-button\">Communication visuel<\/a><\/div>\n<\/div>\n<\/div>\n<\/div>\n\n\n\n<div class=\"wp-block-column is-layout-flow wp-block-column-is-layout-flow\"><\/div>\n<\/div>\n<\/div>\n<\/div>\n\n\n\n<div id=\"map-container\" style=\"position:relative;height:600px;border-radius:12px;overflow:hidden\">\n  <div id=\"map\" style=\"height:100%;width:100%\"><\/div>\n  <div id=\"panel\">\n    <button id=\"close\" aria-label=\"Fermer\">&times;<\/button>\n    <div id=\"content\"><h3>Informations<\/h3><p>Cliquez sur un marqueur.<\/p><\/div>\n  <\/div>\n  <button id=\"florent-btn\">Florent<\/button>\n<\/div>\n\n<link rel=\"stylesheet\" href=\"https:\/\/unpkg.com\/leaflet@1.9.4\/dist\/leaflet.css\"\/>\n<script src=\"https:\/\/unpkg.com\/leaflet@1.9.4\/dist\/leaflet.js\"><\/script>\n\n<style>\n#panel {\n  position:absolute; top:20px; right:-360px; width:360px; max-height:560px;\n  background:rgba(255,255,255,.35); backdrop-filter:blur(12px) saturate(180%);\n  border-radius:24px; box-shadow:0 16px 40px rgba(0,0,0,.25);\n  transition:right .6s; overflow-y:auto; font-family:'Segoe UI',sans-serif;\n  z-index:1000; border:1px solid rgba(255,255,255,.3);\n}\n#panel.open { right:20px }\n#close {\n  position:absolute; top:14px; right:14px; background:rgba(0,0,0,.08);\n  border:none; font-size:26px; cursor:pointer; border-radius:50%;\n  width:38px; height:38px; display:flex; align-items:center; justify-content:center;\n  transition:background .3s; z-index:1001;\n}\n#close:hover { background:rgba(0,0,0,.2) }\n#content { padding:22px; text-align:center }\n#content h3 { margin:0 0 12px; font-size:22px; color:#222 }\n#content p { font-size:15px; color:#444; margin-bottom:16px; line-height:1.5 }\n#content img {\n  width:100%; max-height:200px; object-fit:cover; border-radius:18px;\n  margin-bottom:18px; box-shadow:0 10px 30px rgba(0,0,0,.2);\n  transition:transform .3s,box-shadow .3s; display:block; background:#eee;\n}\n#content img:hover { transform:scale(1.03); box-shadow:0 12px 36px rgba(0,0,0,.25) }\n#content a {\n  display:inline-flex; align-items:center; gap:6px;\n  padding:10px 20px; background:#007BFF; color:#fff;\n  text-decoration:none; border-radius:14px; font-weight:600;\n  transition:background .3s,transform .2s;\n}\n#content a::after { content:\"\u2197\"; font-size:11px; opacity:.8 }\n#content a:hover { background:#0056b3; transform:translateY(-2px) }\n.tip { background:rgba(255,255,255,.95); color:#222; font-weight:600; border-radius:6px; padding:6px 12px; box-shadow:0 6px 16px rgba(0,0,0,.2) }\n\n#florent-btn {\n  position:absolute; bottom:14px; left:50%; transform:translateX(-50%);\n  background:rgba(255,255,255,.25); backdrop-filter:blur(10px) saturate(180%);\n  border:1px solid rgba(255,255,255,.5); color:rgba(255,255,255,.95);\n  font-family:'Segoe UI',sans-serif; font-size:13px; font-weight:600;\n  padding:6px 18px; border-radius:20px; cursor:pointer; z-index:1000;\n  box-shadow:0 4px 16px rgba(0,0,0,.2);\n  transition:transform .2s, box-shadow .2s, background .2s;\n  letter-spacing:.5px; text-shadow:0 1px 4px rgba(0,0,0,.3);\n}\n#florent-btn:hover {\n  transform:translateX(-50%) scale(1.06);\n  box-shadow:0 6px 24px rgba(0,0,0,.3);\n  background:rgba(255,255,255,.35);\n}\n#florent-btn:active { transform:translateX(-50%) scale(0.97) }\n\n.confetti {\n  position:absolute; pointer-events:none; z-index:2000;\n  animation:confetti-fall linear forwards;\n}\n@keyframes confetti-fall {\n  0%   { opacity:1; transform:translateY(0) rotate(0deg) scale(1) }\n  80%  { opacity:1 }\n  100% { opacity:0; transform:translateY(650px) rotate(720deg) scale(0.4) }\n}\n\n@media(max-width:768px) {\n  #panel {\n    top:auto; bottom:-100%; left:0; right:auto;\n    width:100%; max-height:55%;\n    border-radius:20px 20px 0 0; transition:bottom .5s;\n    overflow-y:hidden;\n  }\n  #panel.open { bottom:0 }\n  #content {\n    padding:14px 16px 18px;\n    display:flex; flex-direction:column; align-items:center; gap:8px;\n  }\n  #content img { max-height:130px; margin-bottom:0; border-radius:14px }\n  #content h3 { font-size:17px; margin:0 }\n  #content p {\n    font-size:13px; margin:0; line-height:1.4;\n    display:-webkit-box; -webkit-line-clamp:2; -webkit-box-orient:vertical; overflow:hidden;\n  }\n  #content a { padding:8px 20px; font-size:14px; margin-top:2px }\n  #florent-btn { bottom:10px; font-size:12px; padding:5px 14px }\n}\n<\/style>\n\n<script>\ndocument.addEventListener(\"DOMContentLoaded\", () => {\n  const map = L.map('map', { dragging:false, touchZoom:false, scrollWheelZoom:false, doubleClickZoom:false, boxZoom:false, keyboard:false, zoomControl:false });\n\n  L.tileLayer('https:\/\/{s}.tile.openstreetmap.org\/{z}\/{x}\/{y}.png', {\n    attribution:'&copy; OpenStreetMap contributors', maxZoom:19\n  }).addTo(map);\n\n  \/\/ \u2705 Sanitisation XSS\n  const safe = (str) => String(str)\n    .replace(\/&\/g,'&amp;').replace(\/<\/g,'&lt;')\n    .replace(\/>\/g,'&gt;').replace(\/\"\/g,'&quot;');\n\n  \/\/ \u2705 Validation URL (bloque javascript: etc.)\n  const safeUrl = (url) => \/^https?:\\\/\\\/\/i.test(url) ? url : '#';\n\n  const bookmarks = [\n    { name:\"ESRA Nice\", coords:[43.6972889,7.2864726], url:\"https:\/\/esra.edu\/campus-esra-cote-dazur\/\", color:\"#FF6F61\",\n      description:\"ESRA C\u00f4t\u00e9 d'Azur \u2013 L'\u00e9cole des m\u00e9tiers du cin\u00e9ma, du son et de l'animation \u00e0 Nice.\",\n      image:\"http:\/\/florentmoll.fr\/wp-content\/uploads\/2026\/03\/esra-nice.webp\" },\n    { name:\"Gamagora \u2013 Lyon 2\", coords:[45.7218919,4.9159828], url:\"https:\/\/www.univ-lyon2.fr\/\", color:\"#4A90E2\",\n      description:\"Gamagora, la formation aux m\u00e9tiers du jeu vid\u00e9o de Lyon 2.\",\n      image:\"http:\/\/florentmoll.fr\/wp-content\/uploads\/2026\/03\/gamagora-vignette_1616141420538-jpg-3642317070.jpg\" }\n  ];\n\n  const panel = document.getElementById('panel');\n  const content = document.getElementById('content');\n  const markers = [];\n\n  bookmarks.forEach(b => {\n    const m = L.circleMarker(b.coords, { radius:12, fillColor:b.color, color:\"#fff\", weight:2, opacity:1, fillOpacity:.9 }).addTo(map);\n    m.bindTooltip(b.name, { permanent:true, direction:'top', offset:[0,-15], className:'tip' }).openTooltip();\n    m.on('click', () => {\n      content.innerHTML = `\n        ${b.image ? `<img decoding=\"async\" src=\"${safe(b.image)}\" alt=\"${safe(b.name)}\" loading=\"lazy\" onerror=\"this.style.display='none'\">` : ''}\n        <h3>${safe(b.name)}<\/h3>\n        <p>${safe(b.description)}<\/p>\n        <a href=\"${safeUrl(b.url)}\" target=\"_blank\" rel=\"noopener noreferrer\">Visiter le site<\/a>\n      `;\n      panel.classList.add('open');\n      if (window.innerWidth <= 768) {\n        const targetZoom = 15;\n        const containerH = map.getContainer().offsetHeight;\n        const panelH = containerH * 0.55;\n        const offsetPx = panelH \/ 2;\n        const latPerPx = 180 \/ (256 * Math.pow(2, targetZoom));\n        const latOffset = offsetPx * latPerPx;\n        map.setView([b.coords[0] - latOffset, b.coords[1]], targetZoom, { animate:true, duration:0.6 });\n      } else {\n        map.setView(b.coords, 15, { animate:true });\n        map.panBy([180,0], { animate:true });\n      }\n    });\n    markers.push(m);\n  });\n\n  const group = L.featureGroup(markers);\n  map.fitBounds(group.getBounds().pad(0.3));\n  const ic = map.getCenter(), iz = map.getZoom();\n\n  document.getElementById('close').addEventListener('click', () => {\n    panel.classList.remove('open');\n    map.setView(ic, iz, { animate:true });\n  });\n\n  const colors = ['#FF6F61','#4A90E2','#FFD700','#7ED321','#FF69B4','#00CED1','#FFA500','#9B59B6'];\n  const container = document.getElementById('map-container');\n\n  document.getElementById('florent-btn').addEventListener('click', () => {\n    const containerRect = container.getBoundingClientRect();\n    for (let i = 0; i < 80; i++) {\n      const c = document.createElement('div');\n      c.className = 'confetti';\n      const size = 6 + Math.random() * 8;\n      c.style.cssText = `\n        left:${Math.random() * containerRect.width}px;\n        top:-10px;\n        width:${size}px;\n        height:${size}px;\n        background:${colors[Math.floor(Math.random() * colors.length)]};\n        border-radius:${Math.random() > 0.5 ? '50%' : '2px'};\n        animation-duration:${1 + Math.random() * 1.2}s;\n        animation-delay:${Math.random() * 0.5}s;\n      `;\n      container.appendChild(c);\n      c.addEventListener('animationend', () => c.remove());\n    }\n  });\n});\n<\/script>\n\n\n\n<div class=\"wp-block-group alignfull has-global-padding is-layout-constrained wp-container-core-group-is-layout-08655630 wp-block-group-is-layout-constrained\" style=\"margin-top:0;margin-bottom:0;padding-top:var(--wp--preset--spacing--80);padding-bottom:var(--wp--preset--spacing--80)\">\n<div class=\"wp-block-group alignwide is-layout-flow wp-block-group-is-layout-flow\">\n<div style=\"height:var(--wp--preset--spacing--40)\" aria-hidden=\"true\" class=\"wp-block-spacer\"><\/div>\n\n\n\n<ul class=\"wp-block-social-links has-icon-color is-style-logos-only is-layout-flex wp-block-social-links-is-layout-flex\"><li style=\"color:#FFFFFF;\" class=\"wp-social-link wp-social-link-linkedin has-base-color wp-block-social-link\"><a rel=\"noopener nofollow\" target=\"_blank\" href=\"https:\/\/www.linkedin.com\/in\/florent-moll\/\" class=\"wp-block-social-link-anchor\"><svg width=\"24\" height=\"24\" viewBox=\"0 0 24 24\" version=\"1.1\" xmlns=\"http:\/\/www.w3.org\/2000\/svg\" aria-hidden=\"true\" focusable=\"false\"><path d=\"M19.7,3H4.3C3.582,3,3,3.582,3,4.3v15.4C3,20.418,3.582,21,4.3,21h15.4c0.718,0,1.3-0.582,1.3-1.3V4.3 C21,3.582,20.418,3,19.7,3z M8.339,18.338H5.667v-8.59h2.672V18.338z M7.004,8.574c-0.857,0-1.549-0.694-1.549-1.548 c0-0.855,0.691-1.548,1.549-1.548c0.854,0,1.547,0.694,1.547,1.548C8.551,7.881,7.858,8.574,7.004,8.574z M18.339,18.338h-2.669 v-4.177c0-0.996-0.017-2.278-1.387-2.278c-1.389,0-1.601,1.086-1.601,2.206v4.249h-2.667v-8.59h2.559v1.174h0.037 c0.356-0.675,1.227-1.387,2.526-1.387c2.703,0,3.203,1.779,3.203,4.092V18.338z\"><\/path><\/svg><span class=\"wp-block-social-link-label screen-reader-text\">LinkedIn<\/span><\/a><\/li>\n\n<li style=\"color:#FFFFFF;\" class=\"wp-social-link wp-social-link-mail has-base-color wp-block-social-link\"><a rel=\"noopener nofollow\" target=\"_blank\" href=\"mailto:moll.florent@gmail.com\" class=\"wp-block-social-link-anchor\"><svg width=\"24\" height=\"24\" viewBox=\"0 0 24 24\" version=\"1.1\" xmlns=\"http:\/\/www.w3.org\/2000\/svg\" aria-hidden=\"true\" focusable=\"false\"><path d=\"M19,5H5c-1.1,0-2,.9-2,2v10c0,1.1.9,2,2,2h14c1.1,0,2-.9,2-2V7c0-1.1-.9-2-2-2zm.5,12c0,.3-.2.5-.5.5H5c-.3,0-.5-.2-.5-.5V9.8l7.5,5.6,7.5-5.6V17zm0-9.1L12,13.6,4.5,7.9V7c0-.3.2-.5.5-.5h14c.3,0,.5.2.5.5v.9z\"><\/path><\/svg><span class=\"wp-block-social-link-label screen-reader-text\">E-mail<\/span><\/a><\/li><\/ul>\n<\/div>\n<\/div>\n","protected":false},"excerpt":{"rendered":"<p>\u00c0 propos de moi J&rsquo;ai 23 ans, je suis dipl\u00f4m\u00e9 d&rsquo;un DESFA (Dipl\u00f4me d&rsquo;Etudes Sup\u00e9rieures du Film d&rsquo;Animation) obtenu \u00e0 l&rsquo;ESRA en Animation 3D aisni que d&rsquo;un BAC pro communication visuelle plurim\u00e9dia &#8211; Lyc\u00e9e Pasteur \u00e0 Nice&#8211; BMA (Brevet des M\u00e9tiers de l&rsquo;Art) &#8211; Lyc\u00e9e Pasteur \u00e0 Nice Mon parcours Gamagora This exquisite compilation showcases [&hellip;]<\/p>\n","protected":false},"author":1,"featured_media":0,"parent":0,"menu_order":0,"comment_status":"closed","ping_status":"closed","template":"","meta":{"footnotes":""},"class_list":["post-19","page","type-page","status-publish","hentry"],"_links":{"self":[{"href":"https:\/\/florentmoll.fr\/index.php\/wp-json\/wp\/v2\/pages\/19","targetHints":{"allow":["GET"]}}],"collection":[{"href":"https:\/\/florentmoll.fr\/index.php\/wp-json\/wp\/v2\/pages"}],"about":[{"href":"https:\/\/florentmoll.fr\/index.php\/wp-json\/wp\/v2\/types\/page"}],"author":[{"embeddable":true,"href":"https:\/\/florentmoll.fr\/index.php\/wp-json\/wp\/v2\/users\/1"}],"replies":[{"embeddable":true,"href":"https:\/\/florentmoll.fr\/index.php\/wp-json\/wp\/v2\/comments?post=19"}],"version-history":[{"count":87,"href":"https:\/\/florentmoll.fr\/index.php\/wp-json\/wp\/v2\/pages\/19\/revisions"}],"predecessor-version":[{"id":386,"href":"https:\/\/florentmoll.fr\/index.php\/wp-json\/wp\/v2\/pages\/19\/revisions\/386"}],"wp:attachment":[{"href":"https:\/\/florentmoll.fr\/index.php\/wp-json\/wp\/v2\/media?parent=19"}],"curies":[{"name":"wp","href":"https:\/\/api.w.org\/{rel}","templated":true}]}}